{"id":223,"date":"2026-01-14T18:30:55","date_gmt":"2026-01-14T17:30:55","guid":{"rendered":"https:\/\/gauche-unie-alencon-2026.fr\/?page_id=223"},"modified":"2026-01-25T19:03:26","modified_gmt":"2026-01-25T18:03:26","slug":"evenements-2","status":"publish","type":"page","link":"https:\/\/gauche-unie-alencon-2026.fr\/?page_id=223","title":{"rendered":"Retrouvez ici l&rsquo;actu de notre campagne"},"content":{"rendered":"\n<div class=\"wp-block-group has-global-padding is-layout-constrained wp-block-group-is-layout-constrained\">\n<div class=\"wp-block-query is-layout-flow wp-block-query-is-layout-flow\"><ul class=\"wp-block-post-template is-layout-flow wp-block-post-template-is-layout-flow\"><li class=\"wp-block-post post-488 post type-post status-publish format-standard has-post-thumbnail hentry category-evenements\">\n<h2 class=\"wp-block-post-title\"><a href=\"https:\/\/gauche-unie-alencon-2026.fr\/?p=488\" target=\"_self\" >Tous \u00e0 la Halle aux toiles le 07 mars<\/a><\/h2>\n\n<figure class=\"alignwide wp-block-post-featured-image\"><a href=\"https:\/\/gauche-unie-alencon-2026.fr\/?p=488\" target=\"_self\"  ><img loading=\"lazy\" decoding=\"async\" width=\"1409\" height=\"2000\" src=\"https:\/\/gauche-unie-alencon-2026.fr\/wp-content\/uploads\/2026\/02\/Flyer-07-mars-soiree-festive-12.png\" class=\"attachment-post-thumbnail size-post-thumbnail wp-post-image\" alt=\"Tous \u00e0 la Halle aux toiles le 07 mars\" style=\"object-fit:cover;\" srcset=\"https:\/\/gauche-unie-alencon-2026.fr\/wp-content\/uploads\/2026\/02\/Flyer-07-mars-soiree-festive-12.png 1409w, https:\/\/gauche-unie-alencon-2026.fr\/wp-content\/uploads\/2026\/02\/Flyer-07-mars-soiree-festive-12-211x300.png 211w, https:\/\/gauche-unie-alencon-2026.fr\/wp-content\/uploads\/2026\/02\/Flyer-07-mars-soiree-festive-12-721x1024.png 721w, https:\/\/gauche-unie-alencon-2026.fr\/wp-content\/uploads\/2026\/02\/Flyer-07-mars-soiree-festive-12-768x1090.png 768w, https:\/\/gauche-unie-alencon-2026.fr\/wp-content\/uploads\/2026\/02\/Flyer-07-mars-soiree-festive-12-1082x1536.png 1082w\" sizes=\"auto, (max-width: 1409px) 100vw, 1409px\" \/><\/a><\/figure>\n\n<div class=\"wp-block-post-excerpt\"><p class=\"wp-block-post-excerpt__excerpt\"> <\/p><\/div>\n\n\n<hr class=\"wp-block-separator has-css-opacity\"\/>\n\n<\/li><li class=\"wp-block-post post-414 post type-post status-publish format-standard has-post-thumbnail hentry category-evenements\">\n<h2 class=\"wp-block-post-title\"><a href=\"https:\/\/gauche-unie-alencon-2026.fr\/?p=414\" target=\"_self\" >La Gauche Unie dans vos quartiers<\/a><\/h2>\n\n<figure class=\"alignwide wp-block-post-featured-image\"><a href=\"https:\/\/gauche-unie-alencon-2026.fr\/?p=414\" target=\"_self\"  ><img loading=\"lazy\" decoding=\"async\" width=\"720\" height=\"265\" src=\"https:\/\/gauche-unie-alencon-2026.fr\/wp-content\/uploads\/2026\/01\/RdvQuartiers.png\" class=\"attachment-post-thumbnail size-post-thumbnail wp-post-image\" alt=\"La Gauche Unie dans vos quartiers\" style=\"object-fit:cover;\" srcset=\"https:\/\/gauche-unie-alencon-2026.fr\/wp-content\/uploads\/2026\/01\/RdvQuartiers.png 720w, https:\/\/gauche-unie-alencon-2026.fr\/wp-content\/uploads\/2026\/01\/RdvQuartiers-300x110.png 300w\" sizes=\"auto, (max-width: 720px) 100vw, 720px\" \/><\/a><\/figure>\n\n<div class=\"wp-block-post-excerpt\"><p class=\"wp-block-post-excerpt__excerpt\">Les candidats de notre liste seront pr\u00e9sents dans vos quartiers pour pr\u00e9senter le programme et r\u00e9pondre \u00e0 vos questions. <\/p><\/div>\n\n\n<hr class=\"wp-block-separator has-css-opacity\"\/>\n\n<\/li><li class=\"wp-block-post post-243 post type-post status-publish format-standard has-post-thumbnail hentry category-evenements\">\n<h2 class=\"wp-block-post-title\"><a href=\"https:\/\/gauche-unie-alencon-2026.fr\/?p=243\" target=\"_self\" >Tous \u00e0 la salle Baudelaire le 28 janvier!<\/a><\/h2>\n\n<figure class=\"alignwide wp-block-post-featured-image\"><a href=\"https:\/\/gauche-unie-alencon-2026.fr\/?p=243\" target=\"_self\"  ><img loading=\"lazy\" decoding=\"async\" width=\"1810\" height=\"2560\" src=\"https:\/\/gauche-unie-alencon-2026.fr\/wp-content\/uploads\/2026\/01\/AfficheMeet28-1-scaled.png\" class=\"attachment-post-thumbnail size-post-thumbnail wp-post-image\" alt=\"Tous \u00e0 la salle Baudelaire le 28 janvier!\" style=\"object-fit:cover;\" srcset=\"https:\/\/gauche-unie-alencon-2026.fr\/wp-content\/uploads\/2026\/01\/AfficheMeet28-1-scaled.png 1810w, https:\/\/gauche-unie-alencon-2026.fr\/wp-content\/uploads\/2026\/01\/AfficheMeet28-1-212x300.png 212w, https:\/\/gauche-unie-alencon-2026.fr\/wp-content\/uploads\/2026\/01\/AfficheMeet28-1-724x1024.png 724w, https:\/\/gauche-unie-alencon-2026.fr\/wp-content\/uploads\/2026\/01\/AfficheMeet28-1-768x1086.png 768w, https:\/\/gauche-unie-alencon-2026.fr\/wp-content\/uploads\/2026\/01\/AfficheMeet28-1-1086x1536.png 1086w, https:\/\/gauche-unie-alencon-2026.fr\/wp-content\/uploads\/2026\/01\/AfficheMeet28-1-1448x2048.png 1448w\" sizes=\"auto, (max-width: 1810px) 100vw, 1810px\" \/><\/a><\/figure>\n\n<div class=\"wp-block-post-excerpt\"><p class=\"wp-block-post-excerpt__excerpt\"> <\/p><\/div>\n\n\n<hr class=\"wp-block-separator has-css-opacity\"\/>\n\n<\/li><li class=\"wp-block-post post-229 post type-post status-publish format-standard has-post-thumbnail hentry category-evenements\">\n<h2 class=\"wp-block-post-title\"><a href=\"https:\/\/gauche-unie-alencon-2026.fr\/?p=229\" target=\"_self\" >Plus que 30 jours&#8230; pour s&rsquo;inscrire sur les listes \u00e9lectorales\u2026<\/a><\/h2>\n\n<figure class=\"alignwide wp-block-post-featured-image\"><a href=\"https:\/\/gauche-unie-alencon-2026.fr\/?p=229\" target=\"_self\"  ><img loading=\"lazy\" decoding=\"async\" width=\"1311\" height=\"1860\" src=\"https:\/\/gauche-unie-alencon-2026.fr\/wp-content\/uploads\/2026\/01\/1.png\" class=\"attachment-post-thumbnail size-post-thumbnail wp-post-image\" alt=\"Plus que 30 jours&#8230; pour s&rsquo;inscrire sur les listes \u00e9lectorales\u2026\" style=\"object-fit:cover;\" srcset=\"https:\/\/gauche-unie-alencon-2026.fr\/wp-content\/uploads\/2026\/01\/1.png 1311w, https:\/\/gauche-unie-alencon-2026.fr\/wp-content\/uploads\/2026\/01\/1-211x300.png 211w, https:\/\/gauche-unie-alencon-2026.fr\/wp-content\/uploads\/2026\/01\/1-722x1024.png 722w, https:\/\/gauche-unie-alencon-2026.fr\/wp-content\/uploads\/2026\/01\/1-768x1090.png 768w, https:\/\/gauche-unie-alencon-2026.fr\/wp-content\/uploads\/2026\/01\/1-1083x1536.png 1083w\" sizes=\"auto, (max-width: 1311px) 100vw, 1311px\" \/><\/a><\/figure>\n\n<div class=\"wp-block-post-excerpt\"><p class=\"wp-block-post-excerpt__excerpt\"> <\/p><\/div>\n\n\n<hr class=\"wp-block-separator has-css-opacity\"\/>\n\n<\/li><li class=\"wp-block-post post-195 post type-post status-publish format-standard has-post-thumbnail hentry category-evenements\">\n<h2 class=\"wp-block-post-title\"><a href=\"https:\/\/gauche-unie-alencon-2026.fr\/?p=195\" target=\"_self\" >Rencontre publique avec Damien Car\u00eame<\/a><\/h2>\n\n<figure class=\"alignwide wp-block-post-featured-image\"><a href=\"https:\/\/gauche-unie-alencon-2026.fr\/?p=195\" target=\"_self\"  ><img loading=\"lazy\" decoding=\"async\" width=\"960\" height=\"540\" src=\"https:\/\/gauche-unie-alencon-2026.fr\/wp-content\/uploads\/2026\/01\/A-5.png\" class=\"attachment-post-thumbnail size-post-thumbnail wp-post-image\" alt=\"Rencontre publique avec Damien Car\u00eame\" style=\"object-fit:cover;\" srcset=\"https:\/\/gauche-unie-alencon-2026.fr\/wp-content\/uploads\/2026\/01\/A-5.png 960w, https:\/\/gauche-unie-alencon-2026.fr\/wp-content\/uploads\/2026\/01\/A-5-300x169.png 300w, https:\/\/gauche-unie-alencon-2026.fr\/wp-content\/uploads\/2026\/01\/A-5-768x432.png 768w\" sizes=\"auto, (max-width: 960px) 100vw, 960px\" \/><\/a><\/figure>\n\n<div class=\"wp-block-post-excerpt\"><p class=\"wp-block-post-excerpt__excerpt\">Jeudi 11 d\u00e9cembre s&rsquo;est tenu une r\u00e9union avec Damien Car\u00eame, ancien maire de grande Synthe qui a expos\u00e9 comment il a mis en place avec son \u00e9quipe municipale, un ambitieux programme de gauche dans sa commune de 2001 \u00e0 2019. Retrouvez ici des extraits de cette conf\u00e9rence. <\/p><\/div>\n\n\n<hr class=\"wp-block-separator has-css-opacity\"\/>\n\n<\/li><\/ul><\/div>\n<\/div>\n","protected":false},"excerpt":{"rendered":"","protected":false},"author":1,"featured_media":0,"parent":0,"menu_order":0,"comment_status":"closed","ping_status":"closed","template":"","meta":{"footnotes":""},"class_list":["post-223","page","type-page","status-publish","hentry"],"_links":{"self":[{"href":"https:\/\/gauche-unie-alencon-2026.fr\/index.php?rest_route=\/wp\/v2\/pages\/223","targetHints":{"allow":["GET"]}}],"collection":[{"href":"https:\/\/gauche-unie-alencon-2026.fr\/index.php?rest_route=\/wp\/v2\/pages"}],"about":[{"href":"https:\/\/gauche-unie-alencon-2026.fr\/index.php?rest_route=\/wp\/v2\/types\/page"}],"author":[{"embeddable":true,"href":"https:\/\/gauche-unie-alencon-2026.fr\/index.php?rest_route=\/wp\/v2\/users\/1"}],"replies":[{"embeddable":true,"href":"https:\/\/gauche-unie-alencon-2026.fr\/index.php?rest_route=%2Fwp%2Fv2%2Fcomments&post=223"}],"version-history":[{"count":4,"href":"https:\/\/gauche-unie-alencon-2026.fr\/index.php?rest_route=\/wp\/v2\/pages\/223\/revisions"}],"predecessor-version":[{"id":327,"href":"https:\/\/gauche-unie-alencon-2026.fr\/index.php?rest_route=\/wp\/v2\/pages\/223\/revisions\/327"}],"wp:attachment":[{"href":"https:\/\/gauche-unie-alencon-2026.fr\/index.php?rest_route=%2Fwp%2Fv2%2Fmedia&parent=223"}],"curies":[{"name":"wp","href":"https:\/\/api.w.org\/{rel}","templated":true}]}}