{"id":24,"date":"2026-01-01T18:20:57","date_gmt":"2026-01-01T17:20:57","guid":{"rendered":"https:\/\/gauche-unie-alencon-2026.fr\/?page_id=24"},"modified":"2026-01-25T18:41:54","modified_gmt":"2026-01-25T17:41:54","slug":"contact","status":"publish","type":"page","link":"https:\/\/gauche-unie-alencon-2026.fr\/?page_id=24","title":{"rendered":"Nous contacter ou nous rejoindre"},"content":{"rendered":"\n<p>Rien de plus simple! A vous de choisir votre outil favori!<\/p>\n\n\n\n<p>Email  <a href=\"mailto:gaucheunie-alencon2026@proton.me\">gaucheunie-alencon2026@proton.me<\/a><\/p>\n\n\n\n<p>Facebook <a href=\"https:\/\/www.facebook.com\/gauche.unie.alencon2026\/\">https:\/\/www.facebook.com\/gauche.unie.alencon2026\/<\/a><\/p>\n\n\n\n<p>Nous sommes aussi sur <a href=\"https:\/\/www.instagram.com\/gauche_unie_alencon2026?igsh=b21vbTZkNXlhOHcz&amp;utm_source=qr\">Instagram<\/a> et <a href=\"https:\/\/www.tiktok.com\/@gaucheunie61?_r=1&amp;_t=ZN-93N18Q1Oi3S\">TikTok<\/a><\/p>\n\n\n\n<p>Suivre nos actualit\u00e9s par <a href=\"https:\/\/taplink.cc\/gauche_unie_alencon2026\">le fil de liens sur Taplink<\/a> (sans abonnement)<\/p>\n\n\n\n<p><a href=\"https:\/\/nfp-alencon.frama.space\/apps\/forms\/s\/CT6EL3JRB8rN7MwMkRoninSD\" data-type=\"link\" data-id=\"https:\/\/nfp-alencon.frama.space\/apps\/forms\/s\/CT6EL3JRB8rN7MwMkRoninSD\">Vous abonner \u00e0 la newsletter<\/a><\/p>\n\n\n\n<p>Toute l&rsquo;actualit\u00e9 militante de l&rsquo;Orne sur <a href=\"https:\/\/www.ornenlutte.fr\/\">https:\/\/www.ornenlutte.fr\/<\/a><\/p>\n","protected":false},"excerpt":{"rendered":"<p>Rien de plus simple! A vous de choisir votre outil favori! Email gaucheunie-alencon2026@proton.me Facebook https:\/\/www.facebook.com\/gauche.unie.alencon2026\/ Nous sommes aussi sur Instagram et TikTok Suivre nos actualit\u00e9s par le fil de liens sur Taplink (sans abonnement) Vous abonner \u00e0 la newsletter Toute l&rsquo;actualit\u00e9 militante de l&rsquo;Orne sur https:\/\/www.ornenlutte.fr\/<\/p>\n","protected":false},"author":1,"featured_media":0,"parent":0,"menu_order":0,"comment_status":"closed","ping_status":"closed","template":"","meta":{"footnotes":""},"class_list":["post-24","page","type-page","status-publish","hentry"],"_links":{"self":[{"href":"https:\/\/gauche-unie-alencon-2026.fr\/index.php?rest_route=\/wp\/v2\/pages\/24","targetHints":{"allow":["GET"]}}],"collection":[{"href":"https:\/\/gauche-unie-alencon-2026.fr\/index.php?rest_route=\/wp\/v2\/pages"}],"about":[{"href":"https:\/\/gauche-unie-alencon-2026.fr\/index.php?rest_route=\/wp\/v2\/types\/page"}],"author":[{"embeddable":true,"href":"https:\/\/gauche-unie-alencon-2026.fr\/index.php?rest_route=\/wp\/v2\/users\/1"}],"replies":[{"embeddable":true,"href":"https:\/\/gauche-unie-alencon-2026.fr\/index.php?rest_route=%2Fwp%2Fv2%2Fcomments&post=24"}],"version-history":[{"count":5,"href":"https:\/\/gauche-unie-alencon-2026.fr\/index.php?rest_route=\/wp\/v2\/pages\/24\/revisions"}],"predecessor-version":[{"id":313,"href":"https:\/\/gauche-unie-alencon-2026.fr\/index.php?rest_route=\/wp\/v2\/pages\/24\/revisions\/313"}],"wp:attachment":[{"href":"https:\/\/gauche-unie-alencon-2026.fr\/index.php?rest_route=%2Fwp%2Fv2%2Fmedia&parent=24"}],"curies":[{"name":"wp","href":"https:\/\/api.w.org\/{rel}","templated":true}]}}