{"id":324,"date":"2026-01-25T19:02:12","date_gmt":"2026-01-25T18:02:12","guid":{"rendered":"https:\/\/gauche-unie-alencon-2026.fr\/?page_id=324"},"modified":"2026-01-31T10:36:43","modified_gmt":"2026-01-31T09:36:43","slug":"presse","status":"publish","type":"page","link":"https:\/\/gauche-unie-alencon-2026.fr\/?page_id=324","title":{"rendered":"Presse"},"content":{"rendered":"\n<div class=\"wp-block-group alignfull has-global-padding is-layout-constrained wp-block-group-is-layout-constrained\" style=\"margin-top:0;margin-bottom:0\">\n<div style=\"height:var(--wp--preset--spacing--30)\" aria-hidden=\"true\" class=\"wp-block-spacer\"><\/div>\n\n\n\n<div class=\"wp-block-query is-layout-flow wp-block-query-is-layout-flow\"><ul class=\"columns-2 wp-block-post-template is-layout-grid wp-container-core-post-template-is-layout-188c40f4 wp-block-post-template-is-layout-grid\"><li class=\"wp-block-post post-499 post type-post status-publish format-standard has-post-thumbnail hentry category-presse category-tracts\">\n\n<div class=\"wp-block-group is-layout-flow wp-container-core-group-is-layout-81d5c4b5 wp-block-group-is-layout-flow\"><figure style=\"aspect-ratio:3\/2;\" class=\"wp-block-post-featured-image\"><a href=\"https:\/\/gauche-unie-alencon-2026.fr\/?p=499\" target=\"_self\"  ><img loading=\"lazy\" decoding=\"async\" width=\"1080\" height=\"1080\" src=\"https:\/\/gauche-unie-alencon-2026.fr\/wp-content\/uploads\/2026\/02\/CP-Petits-Chatelets.png\" class=\"attachment-post-thumbnail size-post-thumbnail wp-post-image\" alt=\"Communiqu\u00e9 de presse de soutien aux Petits Ch\u00e2telets\" style=\"width:100%;height:100%;object-fit:cover;\" srcset=\"https:\/\/gauche-unie-alencon-2026.fr\/wp-content\/uploads\/2026\/02\/CP-Petits-Chatelets.png 1080w, https:\/\/gauche-unie-alencon-2026.fr\/wp-content\/uploads\/2026\/02\/CP-Petits-Chatelets-300x300.png 300w, https:\/\/gauche-unie-alencon-2026.fr\/wp-content\/uploads\/2026\/02\/CP-Petits-Chatelets-1024x1024.png 1024w, https:\/\/gauche-unie-alencon-2026.fr\/wp-content\/uploads\/2026\/02\/CP-Petits-Chatelets-150x150.png 150w, https:\/\/gauche-unie-alencon-2026.fr\/wp-content\/uploads\/2026\/02\/CP-Petits-Chatelets-768x768.png 768w\" sizes=\"auto, (max-width: 1080px) 100vw, 1080px\" \/><\/a><\/figure>\n\n<h2 class=\"wp-block-post-title\"><a href=\"https:\/\/gauche-unie-alencon-2026.fr\/?p=499\" target=\"_self\" >Communiqu\u00e9 de presse de soutien aux Petits Ch\u00e2telets<\/a><\/h2>\n\n<div class=\"wp-block-post-excerpt\"><p class=\"wp-block-post-excerpt__excerpt\"> <\/p><\/div><\/div>\n\n<\/li><li class=\"wp-block-post post-496 post type-post status-publish format-standard has-post-thumbnail hentry category-presse\">\n\n<div class=\"wp-block-group is-layout-flow wp-container-core-group-is-layout-81d5c4b5 wp-block-group-is-layout-flow\"><figure style=\"aspect-ratio:3\/2;\" class=\"wp-block-post-featured-image\"><a href=\"https:\/\/gauche-unie-alencon-2026.fr\/?p=496\" target=\"_self\"  ><img loading=\"lazy\" decoding=\"async\" width=\"960\" height=\"640\" src=\"https:\/\/gauche-unie-alencon-2026.fr\/wp-content\/uploads\/2026\/02\/image-1.png\" class=\"attachment-post-thumbnail size-post-thumbnail wp-post-image\" alt=\"Orne Hebdo : 17.02.2026\" style=\"width:100%;height:100%;object-fit:cover;\" srcset=\"https:\/\/gauche-unie-alencon-2026.fr\/wp-content\/uploads\/2026\/02\/image-1.png 960w, https:\/\/gauche-unie-alencon-2026.fr\/wp-content\/uploads\/2026\/02\/image-1-300x200.png 300w, https:\/\/gauche-unie-alencon-2026.fr\/wp-content\/uploads\/2026\/02\/image-1-768x512.png 768w\" sizes=\"auto, (max-width: 960px) 100vw, 960px\" \/><\/a><\/figure>\n\n<h2 class=\"wp-block-post-title\"><a href=\"https:\/\/gauche-unie-alencon-2026.fr\/?p=496\" target=\"_self\" >Orne Hebdo : 17.02.2026<\/a><\/h2>\n\n<div class=\"wp-block-post-excerpt\"><p class=\"wp-block-post-excerpt__excerpt\">Municipales 2026 \u00e0 Alen\u00e7on : r\u00e9\u00e9coutez le d\u00e9bat entre les six candidats avec L&rsquo;Orne hebdo et ICI Normandie. Retrouver l&rsquo;article en cliquant ici. <\/p><\/div><\/div>\n\n<\/li><li class=\"wp-block-post post-492 post type-post status-publish format-standard has-post-thumbnail hentry category-presse\">\n\n<div class=\"wp-block-group is-layout-flow wp-container-core-group-is-layout-81d5c4b5 wp-block-group-is-layout-flow\"><figure style=\"aspect-ratio:3\/2;\" class=\"wp-block-post-featured-image\"><a href=\"https:\/\/gauche-unie-alencon-2026.fr\/?p=492\" target=\"_self\"  ><img loading=\"lazy\" decoding=\"async\" width=\"1200\" height=\"680\" src=\"https:\/\/gauche-unie-alencon-2026.fr\/wp-content\/uploads\/2026\/02\/image.png\" class=\"attachment-post-thumbnail size-post-thumbnail wp-post-image\" alt=\"ICI : 17.02.2026\" style=\"width:100%;height:100%;object-fit:cover;\" srcset=\"https:\/\/gauche-unie-alencon-2026.fr\/wp-content\/uploads\/2026\/02\/image.png 1200w, https:\/\/gauche-unie-alencon-2026.fr\/wp-content\/uploads\/2026\/02\/image-300x170.png 300w, https:\/\/gauche-unie-alencon-2026.fr\/wp-content\/uploads\/2026\/02\/image-1024x580.png 1024w, https:\/\/gauche-unie-alencon-2026.fr\/wp-content\/uploads\/2026\/02\/image-768x435.png 768w\" sizes=\"auto, (max-width: 1200px) 100vw, 1200px\" \/><\/a><\/figure>\n\n<h2 class=\"wp-block-post-title\"><a href=\"https:\/\/gauche-unie-alencon-2026.fr\/?p=492\" target=\"_self\" >ICI : 17.02.2026<\/a><\/h2>\n\n<div class=\"wp-block-post-excerpt\"><p class=\"wp-block-post-excerpt__excerpt\">Municipales 2026 \u00e0 Alen\u00e7on\u00a0: la s\u00e9curit\u00e9 et la sant\u00e9 au c\u0153ur du d\u00e9bat entre les candidats Retrouver l\u2019article en cliquant ici. <\/p><\/div><\/div>\n\n<\/li><li class=\"wp-block-post post-458 post type-post status-publish format-standard has-post-thumbnail hentry category-presse category-tracts\">\n\n<div class=\"wp-block-group is-layout-flow wp-container-core-group-is-layout-81d5c4b5 wp-block-group-is-layout-flow\"><figure style=\"aspect-ratio:3\/2;\" class=\"wp-block-post-featured-image\"><a href=\"https:\/\/gauche-unie-alencon-2026.fr\/?p=458\" target=\"_self\"  ><img loading=\"lazy\" decoding=\"async\" width=\"1414\" height=\"2000\" src=\"https:\/\/gauche-unie-alencon-2026.fr\/wp-content\/uploads\/2026\/02\/CP-Velo.png\" class=\"attachment-post-thumbnail size-post-thumbnail wp-post-image\" alt=\"Communiqu\u00e9 de presse en r\u00e9action aux propositions de l\u2019association A bicyclette\" style=\"width:100%;height:100%;object-fit:cover;\" srcset=\"https:\/\/gauche-unie-alencon-2026.fr\/wp-content\/uploads\/2026\/02\/CP-Velo.png 1414w, https:\/\/gauche-unie-alencon-2026.fr\/wp-content\/uploads\/2026\/02\/CP-Velo-212x300.png 212w, https:\/\/gauche-unie-alencon-2026.fr\/wp-content\/uploads\/2026\/02\/CP-Velo-724x1024.png 724w, https:\/\/gauche-unie-alencon-2026.fr\/wp-content\/uploads\/2026\/02\/CP-Velo-768x1086.png 768w, https:\/\/gauche-unie-alencon-2026.fr\/wp-content\/uploads\/2026\/02\/CP-Velo-1086x1536.png 1086w\" sizes=\"auto, (max-width: 1414px) 100vw, 1414px\" \/><\/a><\/figure>\n\n<h2 class=\"wp-block-post-title\"><a href=\"https:\/\/gauche-unie-alencon-2026.fr\/?p=458\" target=\"_self\" >Communiqu\u00e9 de presse en r\u00e9action aux propositions de l\u2019association A bicyclette<\/a><\/h2>\n\n<div class=\"wp-block-post-excerpt\"><p class=\"wp-block-post-excerpt__excerpt\">L&rsquo;article original est disponible sur le site de Ouest France. <\/p><\/div><\/div>\n\n<\/li><li class=\"wp-block-post post-455 post type-post status-publish format-standard has-post-thumbnail hentry category-presse category-tracts\">\n\n<div class=\"wp-block-group is-layout-flow wp-container-core-group-is-layout-81d5c4b5 wp-block-group-is-layout-flow\"><figure style=\"aspect-ratio:3\/2;\" class=\"wp-block-post-featured-image\"><a href=\"https:\/\/gauche-unie-alencon-2026.fr\/?p=455\" target=\"_self\"  ><img loading=\"lazy\" decoding=\"async\" width=\"1414\" height=\"2000\" src=\"https:\/\/gauche-unie-alencon-2026.fr\/wp-content\/uploads\/2026\/02\/CP-Crise-cliamatique.png\" class=\"attachment-post-thumbnail size-post-thumbnail wp-post-image\" alt=\"Communiqu\u00e9 sur les \u00e9pisodes de crises climatiques\" style=\"width:100%;height:100%;object-fit:cover;\" srcset=\"https:\/\/gauche-unie-alencon-2026.fr\/wp-content\/uploads\/2026\/02\/CP-Crise-cliamatique.png 1414w, https:\/\/gauche-unie-alencon-2026.fr\/wp-content\/uploads\/2026\/02\/CP-Crise-cliamatique-212x300.png 212w, https:\/\/gauche-unie-alencon-2026.fr\/wp-content\/uploads\/2026\/02\/CP-Crise-cliamatique-724x1024.png 724w, https:\/\/gauche-unie-alencon-2026.fr\/wp-content\/uploads\/2026\/02\/CP-Crise-cliamatique-768x1086.png 768w, https:\/\/gauche-unie-alencon-2026.fr\/wp-content\/uploads\/2026\/02\/CP-Crise-cliamatique-1086x1536.png 1086w\" sizes=\"auto, (max-width: 1414px) 100vw, 1414px\" \/><\/a><\/figure>\n\n<h2 class=\"wp-block-post-title\"><a href=\"https:\/\/gauche-unie-alencon-2026.fr\/?p=455\" target=\"_self\" >Communiqu\u00e9 sur les \u00e9pisodes de crises climatiques<\/a><\/h2>\n\n<div class=\"wp-block-post-excerpt\"><p class=\"wp-block-post-excerpt__excerpt\">Communiqu\u00e9 de presse faisant suite aux inondations \u00e0 r\u00e9p\u00e9tition, devenues syst\u00e9matiques depuis plusieurs ann\u00e9es sur notre territoire. <\/p><\/div><\/div>\n\n<\/li><li class=\"wp-block-post post-409 post type-post status-publish format-standard has-post-thumbnail hentry category-presse\">\n\n<div class=\"wp-block-group is-layout-flow wp-container-core-group-is-layout-81d5c4b5 wp-block-group-is-layout-flow\"><figure style=\"aspect-ratio:3\/2;\" class=\"wp-block-post-featured-image\"><a href=\"https:\/\/gauche-unie-alencon-2026.fr\/?p=409\" target=\"_self\"  ><img loading=\"lazy\" decoding=\"async\" width=\"960\" height=\"640\" src=\"https:\/\/gauche-unie-alencon-2026.fr\/wp-content\/uploads\/2026\/01\/image-5.png\" class=\"attachment-post-thumbnail size-post-thumbnail wp-post-image\" alt=\"Orne Hebdo : 27.01.2026\" style=\"width:100%;height:100%;object-fit:cover;\" srcset=\"https:\/\/gauche-unie-alencon-2026.fr\/wp-content\/uploads\/2026\/01\/image-5.png 960w, https:\/\/gauche-unie-alencon-2026.fr\/wp-content\/uploads\/2026\/01\/image-5-300x200.png 300w, https:\/\/gauche-unie-alencon-2026.fr\/wp-content\/uploads\/2026\/01\/image-5-768x512.png 768w\" sizes=\"auto, (max-width: 960px) 100vw, 960px\" \/><\/a><\/figure>\n\n<h2 class=\"wp-block-post-title\"><a href=\"https:\/\/gauche-unie-alencon-2026.fr\/?p=409\" target=\"_self\" >Orne Hebdo : 27.01.2026<\/a><\/h2>\n\n<div class=\"wp-block-post-excerpt\"><p class=\"wp-block-post-excerpt__excerpt\">Municipales \u00e0 Alen\u00e7on: \u00ab\u00a0Notre projet f\u00e9d\u00e8re et r\u00e9pond \u00e0 des attentes\u00a0\u00bb, la liste Gauche unie r\u00e9v\u00e8le ses 35 noms Retrouver l&rsquo;article en cliquant ici. <\/p><\/div><\/div>\n\n<\/li><li class=\"wp-block-post post-402 post type-post status-publish format-standard has-post-thumbnail hentry category-presse\">\n\n<div class=\"wp-block-group is-layout-flow wp-container-core-group-is-layout-81d5c4b5 wp-block-group-is-layout-flow\"><figure style=\"aspect-ratio:3\/2;\" class=\"wp-block-post-featured-image\"><a href=\"https:\/\/gauche-unie-alencon-2026.fr\/?p=402\" target=\"_self\"  ><img loading=\"lazy\" decoding=\"async\" width=\"630\" height=\"354\" src=\"https:\/\/gauche-unie-alencon-2026.fr\/wp-content\/uploads\/2026\/01\/image-3.png\" class=\"attachment-post-thumbnail size-post-thumbnail wp-post-image\" alt=\"Ouest France : 26.01.2026\" style=\"width:100%;height:100%;object-fit:cover;\" srcset=\"https:\/\/gauche-unie-alencon-2026.fr\/wp-content\/uploads\/2026\/01\/image-3.png 630w, https:\/\/gauche-unie-alencon-2026.fr\/wp-content\/uploads\/2026\/01\/image-3-300x169.png 300w\" sizes=\"auto, (max-width: 630px) 100vw, 630px\" \/><\/a><\/figure>\n\n<h2 class=\"wp-block-post-title\"><a href=\"https:\/\/gauche-unie-alencon-2026.fr\/?p=402\" target=\"_self\" >Ouest France : 26.01.2026<\/a><\/h2>\n\n<div class=\"wp-block-post-excerpt\"><p class=\"wp-block-post-excerpt__excerpt\">Municipales 2026 \u00e0 Alen\u00e7on. Johnny Lafresnaye d\u00e9voile les 35\u00a0noms de la liste de la Gauche unie Retrouver l&rsquo;article en cliquant ici. <\/p><\/div><\/div>\n\n<\/li><li class=\"wp-block-post post-399 post type-post status-publish format-standard has-post-thumbnail hentry category-presse\">\n\n<div class=\"wp-block-group is-layout-flow wp-container-core-group-is-layout-81d5c4b5 wp-block-group-is-layout-flow\"><figure style=\"aspect-ratio:3\/2;\" class=\"wp-block-post-featured-image\"><a href=\"https:\/\/gauche-unie-alencon-2026.fr\/?p=399\" target=\"_self\"  ><img loading=\"lazy\" decoding=\"async\" width=\"630\" height=\"354\" src=\"https:\/\/gauche-unie-alencon-2026.fr\/wp-content\/uploads\/2026\/01\/image-2.png\" class=\"attachment-post-thumbnail size-post-thumbnail wp-post-image\" alt=\"Ouest France : 19.01.2026\" style=\"width:100%;height:100%;object-fit:cover;\" srcset=\"https:\/\/gauche-unie-alencon-2026.fr\/wp-content\/uploads\/2026\/01\/image-2.png 630w, https:\/\/gauche-unie-alencon-2026.fr\/wp-content\/uploads\/2026\/01\/image-2-300x169.png 300w\" sizes=\"auto, (max-width: 630px) 100vw, 630px\" \/><\/a><\/figure>\n\n<h2 class=\"wp-block-post-title\"><a href=\"https:\/\/gauche-unie-alencon-2026.fr\/?p=399\" target=\"_self\" >Ouest France : 19.01.2026<\/a><\/h2>\n\n<div class=\"wp-block-post-excerpt\"><p class=\"wp-block-post-excerpt__excerpt\">\u00ab\u00a0Il ne peut repr\u00e9senter ses concitoyens\u00a0\u00bb\u00a0: la candidature d\u2019un maire de l\u2019Orne mis en examen fait r\u00e9agir Gauche Unie Retrouver l&rsquo;article en cliquant ici. <\/p><\/div><\/div>\n\n<\/li><li class=\"wp-block-post post-237 post type-post status-publish format-standard has-post-thumbnail hentry category-presse category-tracts\">\n\n<div class=\"wp-block-group is-layout-flow wp-container-core-group-is-layout-81d5c4b5 wp-block-group-is-layout-flow\"><figure style=\"aspect-ratio:3\/2;\" class=\"wp-block-post-featured-image\"><a href=\"https:\/\/gauche-unie-alencon-2026.fr\/?p=237\" target=\"_self\"  ><img loading=\"lazy\" decoding=\"async\" width=\"1080\" height=\"1080\" src=\"https:\/\/gauche-unie-alencon-2026.fr\/wp-content\/uploads\/2026\/01\/Communique-soutien-Valframbert.png\" class=\"attachment-post-thumbnail size-post-thumbnail wp-post-image\" alt=\"Communiqu\u00e9 de soutien \u00e0 Marc Lorand-Brionne\" style=\"width:100%;height:100%;object-fit:cover;\" srcset=\"https:\/\/gauche-unie-alencon-2026.fr\/wp-content\/uploads\/2026\/01\/Communique-soutien-Valframbert.png 1080w, https:\/\/gauche-unie-alencon-2026.fr\/wp-content\/uploads\/2026\/01\/Communique-soutien-Valframbert-300x300.png 300w, https:\/\/gauche-unie-alencon-2026.fr\/wp-content\/uploads\/2026\/01\/Communique-soutien-Valframbert-1024x1024.png 1024w, https:\/\/gauche-unie-alencon-2026.fr\/wp-content\/uploads\/2026\/01\/Communique-soutien-Valframbert-150x150.png 150w, https:\/\/gauche-unie-alencon-2026.fr\/wp-content\/uploads\/2026\/01\/Communique-soutien-Valframbert-768x768.png 768w\" sizes=\"auto, (max-width: 1080px) 100vw, 1080px\" \/><\/a><\/figure>\n\n<h2 class=\"wp-block-post-title\"><a href=\"https:\/\/gauche-unie-alencon-2026.fr\/?p=237\" target=\"_self\" >Communiqu\u00e9 de soutien \u00e0 Marc Lorand-Brionne<\/a><\/h2>\n\n<div class=\"wp-block-post-excerpt\"><p class=\"wp-block-post-excerpt__excerpt\">Candidat \u00e0 l&rsquo;\u00e9lection municipale de Valframbert, victime d\u2019une campagne d\u2019homophobie et d\u2019intimidation. <\/p><\/div><\/div>\n\n<\/li><li class=\"wp-block-post post-406 post type-post status-publish format-standard has-post-thumbnail hentry category-presse\">\n\n<div class=\"wp-block-group is-layout-flow wp-container-core-group-is-layout-81d5c4b5 wp-block-group-is-layout-flow\"><figure style=\"aspect-ratio:3\/2;\" class=\"wp-block-post-featured-image\"><a href=\"https:\/\/gauche-unie-alencon-2026.fr\/?p=406\" target=\"_self\"  ><img loading=\"lazy\" decoding=\"async\" width=\"960\" height=\"640\" src=\"https:\/\/gauche-unie-alencon-2026.fr\/wp-content\/uploads\/2026\/01\/image-4.png\" class=\"attachment-post-thumbnail size-post-thumbnail wp-post-image\" alt=\"Orne Hebdo : 20.12.2025\" style=\"width:100%;height:100%;object-fit:cover;\" srcset=\"https:\/\/gauche-unie-alencon-2026.fr\/wp-content\/uploads\/2026\/01\/image-4.png 960w, https:\/\/gauche-unie-alencon-2026.fr\/wp-content\/uploads\/2026\/01\/image-4-300x200.png 300w, https:\/\/gauche-unie-alencon-2026.fr\/wp-content\/uploads\/2026\/01\/image-4-768x512.png 768w\" sizes=\"auto, (max-width: 960px) 100vw, 960px\" \/><\/a><\/figure>\n\n<h2 class=\"wp-block-post-title\"><a href=\"https:\/\/gauche-unie-alencon-2026.fr\/?p=406\" target=\"_self\" >Orne Hebdo : 20.12.2025<\/a><\/h2>\n\n<div class=\"wp-block-post-excerpt\"><p class=\"wp-block-post-excerpt__excerpt\">Municipales \u00e0 Alen\u00e7on : Qui sont Johnny Lafresnaye et Lydie Buguet qui conduisent la liste Gauche unie\u00a0? Retrouver l&rsquo;article en cliquant ici. <\/p><\/div><\/div>\n\n<\/li><\/ul><\/div>\n<\/div>\n","protected":false},"excerpt":{"rendered":"","protected":false},"author":1,"featured_media":0,"parent":0,"menu_order":0,"comment_status":"closed","ping_status":"closed","template":"","meta":{"footnotes":""},"class_list":["post-324","page","type-page","status-publish","hentry"],"_links":{"self":[{"href":"https:\/\/gauche-unie-alencon-2026.fr\/index.php?rest_route=\/wp\/v2\/pages\/324","targetHints":{"allow":["GET"]}}],"collection":[{"href":"https:\/\/gauche-unie-alencon-2026.fr\/index.php?rest_route=\/wp\/v2\/pages"}],"about":[{"href":"https:\/\/gauche-unie-alencon-2026.fr\/index.php?rest_route=\/wp\/v2\/types\/page"}],"author":[{"embeddable":true,"href":"https:\/\/gauche-unie-alencon-2026.fr\/index.php?rest_route=\/wp\/v2\/users\/1"}],"replies":[{"embeddable":true,"href":"https:\/\/gauche-unie-alencon-2026.fr\/index.php?rest_route=%2Fwp%2Fv2%2Fcomments&post=324"}],"version-history":[{"count":8,"href":"https:\/\/gauche-unie-alencon-2026.fr\/index.php?rest_route=\/wp\/v2\/pages\/324\/revisions"}],"predecessor-version":[{"id":413,"href":"https:\/\/gauche-unie-alencon-2026.fr\/index.php?rest_route=\/wp\/v2\/pages\/324\/revisions\/413"}],"wp:attachment":[{"href":"https:\/\/gauche-unie-alencon-2026.fr\/index.php?rest_route=%2Fwp%2Fv2%2Fmedia&parent=324"}],"curies":[{"name":"wp","href":"https:\/\/api.w.org\/{rel}","templated":true}]}}